{"id":2919,"date":"2024-01-05T15:10:21","date_gmt":"2024-01-05T15:10:21","guid":{"rendered":"https:\/\/nervo.pt\/web\/?page_id=2919"},"modified":"2024-07-04T10:58:32","modified_gmt":"2024-07-04T10:58:32","slug":"candidatura","status":"publish","type":"page","link":"https:\/\/nervo.pt\/web\/candidatura\/","title":{"rendered":"Candidatura"},"content":{"rendered":"\t\t<div data-elementor-type=\"wp-page\" data-elementor-id=\"2919\" class=\"elementor elementor-2919\" data-elementor-post-type=\"page\">\n\t\t\t\t\t\t<section class=\"elementor-section elementor-top-section elementor-element elementor-element-f885383 elementor-section-boxed elementor-section-height-default elementor-section-height-default\" data-id=\"f885383\" data-element_type=\"section\" data-e-type=\"section\" data-settings=\"{&quot;animation_mobile&quot;:&quot;none&quot;,&quot;background_background&quot;:&quot;classic&quot;,&quot;animation&quot;:&quot;none&quot;}\">\n\t\t\t\t\t\t\t<div class=\"elementor-background-overlay\"><\/div>\n\t\t\t\t\t\t\t<div class=\"elementor-container elementor-column-gap-no\">\n\t\t\t\t\t<div class=\"elementor-column elementor-col-100 elementor-top-column elementor-element elementor-element-aa3f6d7\" data-id=\"aa3f6d7\" data-element_type=\"column\" data-e-type=\"column\" data-settings=\"{&quot;animation_mobile&quot;:&quot;none&quot;,&quot;background_background&quot;:&quot;classic&quot;}\">\n\t\t\t<div class=\"elementor-widget-wrap elementor-element-populated\">\n\t\t\t\t\t\t<div class=\"elementor-element elementor-element-d009009 animated-slow elementor-invisible elementor-widget elementor-widget-heading\" data-id=\"d009009\" data-element_type=\"widget\" data-e-type=\"widget\" data-settings=\"{&quot;_animation&quot;:&quot;fadeInDown&quot;,&quot;_animation_mobile&quot;:&quot;fadeIn&quot;,&quot;_animation_delay&quot;:400}\" data-widget_type=\"heading.default\">\n\t\t\t\t<div class=\"elementor-widget-container\">\n\t\t\t\t\t<h2 class=\"elementor-heading-title elementor-size-default\">Candidatura<\/h2>\t\t\t\t<\/div>\n\t\t\t\t<\/div>\n\t\t\t\t<div class=\"elementor-element elementor-element-b91d96a animated-slow elementor-invisible elementor-widget elementor-widget-text-editor\" data-id=\"b91d96a\" data-element_type=\"widget\" data-e-type=\"widget\" data-settings=\"{&quot;_animation&quot;:&quot;fadeIn&quot;,&quot;_animation_delay&quot;:500,&quot;_animation_mobile&quot;:&quot;none&quot;}\" data-widget_type=\"text-editor.default\">\n\t\t\t\t<div class=\"elementor-widget-container\">\n\t\t\t\t\t\t\t\t\t<div class=\"c-message_kit__blocks c-message_kit__blocks--rich_text\"><div class=\"c-message__message_blocks c-message__message_blocks--rich_text\" data-qa=\"message-text\"><div class=\"p-block_kit_renderer\" data-qa=\"block-kit-renderer\"><div class=\"p-block_kit_renderer__block_wrapper p-block_kit_renderer__block_wrapper--first\"><div class=\"p-rich_text_block\" dir=\"auto\"><div class=\"p-rich_text_section\">Se tens NERVO, est\u00e1s no s\u00edtio certo. Diz-nos porque deves ser um de n\u00f3s.<\/div><\/div><\/div><\/div><\/div><\/div>\t\t\t\t\t\t\t\t<\/div>\n\t\t\t\t<\/div>\n\t\t\t\t<div class=\"elementor-element elementor-element-a9dbec4 animated-slow elementor-button-align-stretch elementor-invisible elementor-widget elementor-widget-form\" data-id=\"a9dbec4\" data-element_type=\"widget\" data-e-type=\"widget\" data-settings=\"{&quot;step_next_label&quot;:&quot;Next&quot;,&quot;step_previous_label&quot;:&quot;Previous&quot;,&quot;_animation&quot;:&quot;fadeIn&quot;,&quot;_animation_mobile&quot;:&quot;fadeIn&quot;,&quot;_animation_delay&quot;:600,&quot;button_width&quot;:&quot;100&quot;,&quot;step_type&quot;:&quot;number_text&quot;,&quot;step_icon_shape&quot;:&quot;circle&quot;}\" data-widget_type=\"form.default\">\n\t\t\t\t<div class=\"elementor-widget-container\">\n\t\t\t\t\t\t\t<form class=\"elementor-form\" method=\"post\" id=\"Candidatura\" name=\"Candidatura\" aria-label=\"Candidatura\" novalidate=\"\">\n\t\t\t<input type=\"hidden\" name=\"post_id\" value=\"2919\"\/>\n\t\t\t<input type=\"hidden\" name=\"form_id\" value=\"a9dbec4\"\/>\n\t\t\t<input type=\"hidden\" name=\"referer_title\" value=\"Candidatura | NERVO\" \/>\n\n\t\t\t\t\t\t\t<input type=\"hidden\" name=\"queried_id\" value=\"2919\"\/>\n\t\t\t\n\t\t\t<div class=\"elementor-form-fields-wrapper elementor-labels-above\">\n\t\t\t\t\t\t\t\t<div class=\"elementor-field-type-text elementor-field-group elementor-column elementor-field-group-nome elementor-col-50 elementor-field-required elementor-mark-required\">\n\t\t\t\t\t\t\t\t\t\t\t\t\t<input size=\"1\" type=\"text\" name=\"form_fields[nome]\" id=\"form-field-nome\" class=\"elementor-field elementor-size-lg  elementor-field-textual\" placeholder=\"Nome\" required=\"required\">\n\t\t\t\t\t\t\t\t\t\t\t<\/div>\n\t\t\t\t\t\t\t\t<div class=\"elementor-field-type-text elementor-field-group elementor-column elementor-field-group-apelido elementor-col-50 elementor-field-required elementor-mark-required\">\n\t\t\t\t\t\t\t\t\t\t\t\t\t<input size=\"1\" type=\"text\" name=\"form_fields[apelido]\" id=\"form-field-apelido\" class=\"elementor-field elementor-size-lg  elementor-field-textual\" placeholder=\"Apelido\" required=\"required\">\n\t\t\t\t\t\t\t\t\t\t\t<\/div>\n\t\t\t\t\t\t\t\t<div class=\"elementor-field-type-email elementor-field-group elementor-column elementor-field-group-email elementor-col-50 elementor-field-required elementor-mark-required\">\n\t\t\t\t\t\t\t\t\t\t\t\t\t<input size=\"1\" type=\"email\" name=\"form_fields[email]\" id=\"form-field-email\" class=\"elementor-field elementor-size-lg  elementor-field-textual\" placeholder=\"Email\" required=\"required\">\n\t\t\t\t\t\t\t\t\t\t\t<\/div>\n\t\t\t\t\t\t\t\t<div class=\"elementor-field-type-tel elementor-field-group elementor-column elementor-field-group-telefone elementor-col-50 elementor-field-required elementor-mark-required\">\n\t\t\t\t\t\t\t<input size=\"1\" type=\"tel\" name=\"form_fields[telefone]\" id=\"form-field-telefone\" class=\"elementor-field elementor-size-lg  elementor-field-textual\" placeholder=\"Telefone\" required=\"required\" pattern=\"[0-9()#&amp;+*-=.]+\" title=\"Only numbers and phone characters (#, -, *, etc) are accepted.\">\n\n\t\t\t\t\t\t<\/div>\n\t\t\t\t\t\t\t\t<div class=\"elementor-field-type-textarea elementor-field-group elementor-column elementor-field-group-message elementor-col-100 elementor-field-required elementor-mark-required\">\n\t\t\t\t\t<textarea class=\"elementor-field-textual elementor-field  elementor-size-lg\" name=\"form_fields[message]\" id=\"form-field-message\" rows=\"4\" placeholder=\"Fala um pouco sobre ti...\" required=\"required\"><\/textarea>\t\t\t\t<\/div>\n\t\t\t\t\t\t\t\t<div class=\"elementor-field-type-select elementor-field-group elementor-column elementor-field-group-funcao elementor-col-100 elementor-field-required elementor-mark-required\">\n\t\t\t\t\t\t\t\t\t\t\t\t<label for=\"form-field-funcao\" class=\"elementor-field-label\">\n\t\t\t\t\t\t\t\tQue fun\u00e7\u00e3o gostarias de desempenhar na nossa ag\u00eancia?\t\t\t\t\t\t\t<\/label>\n\t\t\t\t\t\t\t\t<div class=\"elementor-field elementor-select-wrapper remove-before \">\n\t\t\t<div class=\"select-caret-down-wrapper\">\n\t\t\t\t<i aria-hidden=\"true\" class=\"eicon-caret-down\"><\/i>\t\t\t<\/div>\n\t\t\t<select name=\"form_fields[funcao]\" id=\"form-field-funcao\" class=\"elementor-field-textual elementor-size-lg\" required=\"required\">\n\t\t\t\t\t\t\t\t\t<option value=\"Project manager\">Project manager<\/option>\n\t\t\t\t\t\t\t\t\t<option value=\"Designer\">Designer<\/option>\n\t\t\t\t\t\t\t\t\t<option value=\"Creative Copywriter\">Creative Copywriter<\/option>\n\t\t\t\t\t\t\t\t\t<option value=\"Outro \">Outro <\/option>\n\t\t\t\t\t\t\t<\/select>\n\t\t<\/div>\n\t\t\t\t\t\t<\/div>\n\t\t\t\t\t\t\t\t<div class=\"elementor-field-type-acceptance elementor-field-group elementor-column elementor-field-group-dadospessoais elementor-col-100 elementor-field-required elementor-mark-required\">\n\t\t\t\t\t\t\t\t\t\t\t\t<label for=\"form-field-dadospessoais\" class=\"elementor-field-label\">\n\t\t\t\t\t\t\t\tLeste e aceitas a nossa <a href=\"https:\/\/nervo.pt\/web\/nota-de-privacidade\/\" target=\"_blank\">Nota de Privacidade?<\/a>\t\t\t\t\t\t\t<\/label>\n\t\t\t\t\t\t\t\t<div class=\"elementor-field-subgroup\">\n\t\t\t<span class=\"elementor-field-option\">\n\t\t\t\t<input type=\"checkbox\" name=\"form_fields[dadospessoais]\" id=\"form-field-dadospessoais\" class=\"elementor-field elementor-size-lg  elementor-acceptance-field\" required=\"required\">\n\t\t\t\t<label for=\"form-field-dadospessoais\">Sim<\/label>\t\t\t<\/span>\n\t\t<\/div>\n\t\t\t\t\t\t<\/div>\n\t\t\t\t\t\t\t\t<div class=\"elementor-field-type-upload elementor-field-group elementor-column elementor-field-group-cv elementor-col-100\">\n\t\t\t\t\t\t\t\t\t\t\t\t<label for=\"form-field-cv\" class=\"elementor-field-label\">\n\t\t\t\t\t\t\t\tCarregar CV (m\u00e1x. 10MB)\t\t\t\t\t\t\t<\/label>\n\t\t\t\t\t\t\t\t<input type=\"file\" name=\"form_fields[cv][]\" id=\"form-field-cv\" class=\"elementor-field elementor-size-lg  elementor-upload-field\" multiple=\"multiple\" data-maxsize=\"10\" data-maxsize-message=\"This file exceeds the maximum allowed size.\">\n\n\t\t\t\t\t\t<\/div>\n\t\t\t\t\t\t\t\t<div class=\"elementor-field-group elementor-column elementor-field-type-submit elementor-col-100 e-form__buttons\">\n\t\t\t\t\t<button class=\"elementor-button elementor-size-md elementor-animation-sink\" type=\"submit\">\n\t\t\t\t\t\t<span class=\"elementor-button-content-wrapper\">\n\t\t\t\t\t\t\t\t\t\t\t\t\t\t\t\t\t\t\t\t\t\t<span class=\"elementor-button-text\">Enviar<\/span>\n\t\t\t\t\t\t\t\t\t\t\t\t\t<\/span>\n\t\t\t\t\t<\/button>\n\t\t\t\t<\/div>\n\t\t\t<\/div>\n\t\t<\/form>\n\t\t\t\t\t\t<\/div>\n\t\t\t\t<\/div>\n\t\t\t\t\t<\/div>\n\t\t<\/div>\n\t\t\t\t\t<\/div>\n\t\t<\/section>\n\t\t\t\t<\/div>\n\t\t","protected":false},"excerpt":{"rendered":"<p>Candidatura Se tens NERVO, est\u00e1s no s\u00edtio certo. Diz-nos porque deves ser um de n\u00f3s.<\/p>\n","protected":false},"author":2,"featured_media":0,"parent":0,"menu_order":0,"comment_status":"closed","ping_status":"closed","template":"elementor_header_footer","meta":{"inline_featured_image":false,"footnotes":""},"class_list":["post-2919","page","type-page","status-publish","hentry","entry"],"yoast_head":"<!-- This site is optimized with the Yoast SEO plugin v27.4 - https:\/\/yoast.com\/product\/yoast-seo-wordpress\/ -->\n<title>Candidatura | NERVO<\/title>\n<meta name=\"description\" content=\"O sucesso da NERVO n\u00e3o se resume \u00e0 dimens\u00e3o das nossas a\u00e7\u00f5es, depende tamb\u00e9m da nossa equipa. Por isso, contacta-nos se queres passar a ser um de n\u00f3s.\" \/>\n<meta name=\"robots\" content=\"index, follow, max-snippet:-1, max-image-preview:large, max-video-preview:-1\" \/>\n<link rel=\"canonical\" href=\"https:\/\/nervo.pt\/web\/candidatura\/\" \/>\n<meta property=\"og:locale\" content=\"pt_PT\" \/>\n<meta property=\"og:type\" content=\"article\" \/>\n<meta property=\"og:title\" content=\"Candidatura | NERVO\" \/>\n<meta property=\"og:description\" content=\"O sucesso da NERVO n\u00e3o se resume \u00e0 dimens\u00e3o das nossas a\u00e7\u00f5es, depende tamb\u00e9m da nossa equipa. Por isso, contacta-nos se queres passar a ser um de n\u00f3s.\" \/>\n<meta property=\"og:url\" content=\"https:\/\/nervo.pt\/web\/candidatura\/\" \/>\n<meta property=\"og:site_name\" content=\"NERVO\" \/>\n<meta property=\"article:publisher\" content=\"https:\/\/www.facebook.com\/NERVOAGENCY\" \/>\n<meta property=\"article:modified_time\" content=\"2024-07-04T10:58:32+00:00\" \/>\n<meta name=\"twitter:card\" content=\"summary_large_image\" \/>\n<meta name=\"twitter:label1\" content=\"Tempo estimado de leitura\" \/>\n\t<meta name=\"twitter:data1\" content=\"1 minuto\" \/>\n<script type=\"application\/ld+json\" class=\"yoast-schema-graph\">{\"@context\":\"https:\\\/\\\/schema.org\",\"@graph\":[{\"@type\":\"WebPage\",\"@id\":\"https:\\\/\\\/nervo.pt\\\/web\\\/candidatura\\\/\",\"url\":\"https:\\\/\\\/nervo.pt\\\/web\\\/candidatura\\\/\",\"name\":\"Candidatura | NERVO\",\"isPartOf\":{\"@id\":\"https:\\\/\\\/nervo.pt\\\/web\\\/#website\"},\"datePublished\":\"2024-01-05T15:10:21+00:00\",\"dateModified\":\"2024-07-04T10:58:32+00:00\",\"description\":\"O sucesso da NERVO n\u00e3o se resume \u00e0 dimens\u00e3o das nossas a\u00e7\u00f5es, depende tamb\u00e9m da nossa equipa. Por isso, contacta-nos se queres passar a ser um de n\u00f3s.\",\"breadcrumb\":{\"@id\":\"https:\\\/\\\/nervo.pt\\\/web\\\/candidatura\\\/#breadcrumb\"},\"inLanguage\":\"pt-PT\",\"potentialAction\":[{\"@type\":\"ReadAction\",\"target\":[\"https:\\\/\\\/nervo.pt\\\/web\\\/candidatura\\\/\"]}]},{\"@type\":\"BreadcrumbList\",\"@id\":\"https:\\\/\\\/nervo.pt\\\/web\\\/candidatura\\\/#breadcrumb\",\"itemListElement\":[{\"@type\":\"ListItem\",\"position\":1,\"name\":\"Home\",\"item\":\"https:\\\/\\\/nervo.pt\\\/web\\\/\"},{\"@type\":\"ListItem\",\"position\":2,\"name\":\"Candidatura\"}]},{\"@type\":\"WebSite\",\"@id\":\"https:\\\/\\\/nervo.pt\\\/web\\\/#website\",\"url\":\"https:\\\/\\\/nervo.pt\\\/web\\\/\",\"name\":\"NERVO\",\"description\":\"BRAND ENTERTAINMENT\",\"publisher\":{\"@id\":\"https:\\\/\\\/nervo.pt\\\/web\\\/#organization\"},\"potentialAction\":[{\"@type\":\"SearchAction\",\"target\":{\"@type\":\"EntryPoint\",\"urlTemplate\":\"https:\\\/\\\/nervo.pt\\\/web\\\/?s={search_term_string}\"},\"query-input\":{\"@type\":\"PropertyValueSpecification\",\"valueRequired\":true,\"valueName\":\"search_term_string\"}}],\"inLanguage\":\"pt-PT\"},{\"@type\":\"Organization\",\"@id\":\"https:\\\/\\\/nervo.pt\\\/web\\\/#organization\",\"name\":\"NERVO\",\"url\":\"https:\\\/\\\/nervo.pt\\\/web\\\/\",\"logo\":{\"@type\":\"ImageObject\",\"inLanguage\":\"pt-PT\",\"@id\":\"https:\\\/\\\/nervo.pt\\\/web\\\/#\\\/schema\\\/logo\\\/image\\\/\",\"url\":\"https:\\\/\\\/nervo.pt\\\/web\\\/wp-content\\\/uploads\\\/2023\\\/09\\\/logo-email-nervo.png\",\"contentUrl\":\"https:\\\/\\\/nervo.pt\\\/web\\\/wp-content\\\/uploads\\\/2023\\\/09\\\/logo-email-nervo.png\",\"width\":127,\"height\":127,\"caption\":\"NERVO\"},\"image\":{\"@id\":\"https:\\\/\\\/nervo.pt\\\/web\\\/#\\\/schema\\\/logo\\\/image\\\/\"},\"sameAs\":[\"https:\\\/\\\/www.facebook.com\\\/NERVOAGENCY\",\"https:\\\/\\\/www.instagram.com\\\/nervoagency\\\/\"]}]}<\/script>\n<!-- \/ Yoast SEO plugin. -->","yoast_head_json":{"title":"Candidatura | NERVO","description":"O sucesso da NERVO n\u00e3o se resume \u00e0 dimens\u00e3o das nossas a\u00e7\u00f5es, depende tamb\u00e9m da nossa equipa. Por isso, contacta-nos se queres passar a ser um de n\u00f3s.","robots":{"index":"index","follow":"follow","max-snippet":"max-snippet:-1","max-image-preview":"max-image-preview:large","max-video-preview":"max-video-preview:-1"},"canonical":"https:\/\/nervo.pt\/web\/candidatura\/","og_locale":"pt_PT","og_type":"article","og_title":"Candidatura | NERVO","og_description":"O sucesso da NERVO n\u00e3o se resume \u00e0 dimens\u00e3o das nossas a\u00e7\u00f5es, depende tamb\u00e9m da nossa equipa. Por isso, contacta-nos se queres passar a ser um de n\u00f3s.","og_url":"https:\/\/nervo.pt\/web\/candidatura\/","og_site_name":"NERVO","article_publisher":"https:\/\/www.facebook.com\/NERVOAGENCY","article_modified_time":"2024-07-04T10:58:32+00:00","twitter_card":"summary_large_image","twitter_misc":{"Tempo estimado de leitura":"1 minuto"},"schema":{"@context":"https:\/\/schema.org","@graph":[{"@type":"WebPage","@id":"https:\/\/nervo.pt\/web\/candidatura\/","url":"https:\/\/nervo.pt\/web\/candidatura\/","name":"Candidatura | NERVO","isPartOf":{"@id":"https:\/\/nervo.pt\/web\/#website"},"datePublished":"2024-01-05T15:10:21+00:00","dateModified":"2024-07-04T10:58:32+00:00","description":"O sucesso da NERVO n\u00e3o se resume \u00e0 dimens\u00e3o das nossas a\u00e7\u00f5es, depende tamb\u00e9m da nossa equipa. Por isso, contacta-nos se queres passar a ser um de n\u00f3s.","breadcrumb":{"@id":"https:\/\/nervo.pt\/web\/candidatura\/#breadcrumb"},"inLanguage":"pt-PT","potentialAction":[{"@type":"ReadAction","target":["https:\/\/nervo.pt\/web\/candidatura\/"]}]},{"@type":"BreadcrumbList","@id":"https:\/\/nervo.pt\/web\/candidatura\/#breadcrumb","itemListElement":[{"@type":"ListItem","position":1,"name":"Home","item":"https:\/\/nervo.pt\/web\/"},{"@type":"ListItem","position":2,"name":"Candidatura"}]},{"@type":"WebSite","@id":"https:\/\/nervo.pt\/web\/#website","url":"https:\/\/nervo.pt\/web\/","name":"NERVO","description":"BRAND ENTERTAINMENT","publisher":{"@id":"https:\/\/nervo.pt\/web\/#organization"},"potentialAction":[{"@type":"SearchAction","target":{"@type":"EntryPoint","urlTemplate":"https:\/\/nervo.pt\/web\/?s={search_term_string}"},"query-input":{"@type":"PropertyValueSpecification","valueRequired":true,"valueName":"search_term_string"}}],"inLanguage":"pt-PT"},{"@type":"Organization","@id":"https:\/\/nervo.pt\/web\/#organization","name":"NERVO","url":"https:\/\/nervo.pt\/web\/","logo":{"@type":"ImageObject","inLanguage":"pt-PT","@id":"https:\/\/nervo.pt\/web\/#\/schema\/logo\/image\/","url":"https:\/\/nervo.pt\/web\/wp-content\/uploads\/2023\/09\/logo-email-nervo.png","contentUrl":"https:\/\/nervo.pt\/web\/wp-content\/uploads\/2023\/09\/logo-email-nervo.png","width":127,"height":127,"caption":"NERVO"},"image":{"@id":"https:\/\/nervo.pt\/web\/#\/schema\/logo\/image\/"},"sameAs":["https:\/\/www.facebook.com\/NERVOAGENCY","https:\/\/www.instagram.com\/nervoagency\/"]}]}},"_links":{"self":[{"href":"https:\/\/nervo.pt\/web\/wp-json\/wp\/v2\/pages\/2919","targetHints":{"allow":["GET"]}}],"collection":[{"href":"https:\/\/nervo.pt\/web\/wp-json\/wp\/v2\/pages"}],"about":[{"href":"https:\/\/nervo.pt\/web\/wp-json\/wp\/v2\/types\/page"}],"author":[{"embeddable":true,"href":"https:\/\/nervo.pt\/web\/wp-json\/wp\/v2\/users\/2"}],"replies":[{"embeddable":true,"href":"https:\/\/nervo.pt\/web\/wp-json\/wp\/v2\/comments?post=2919"}],"version-history":[{"count":92,"href":"https:\/\/nervo.pt\/web\/wp-json\/wp\/v2\/pages\/2919\/revisions"}],"predecessor-version":[{"id":3348,"href":"https:\/\/nervo.pt\/web\/wp-json\/wp\/v2\/pages\/2919\/revisions\/3348"}],"wp:attachment":[{"href":"https:\/\/nervo.pt\/web\/wp-json\/wp\/v2\/media?parent=2919"}],"curies":[{"name":"wp","href":"https:\/\/api.w.org\/{rel}","templated":true}]}}