{"id":3089,"date":"2024-01-18T12:58:45","date_gmt":"2024-01-18T12:58:45","guid":{"rendered":"https:\/\/nervo.pt\/web\/?page_id=3089"},"modified":"2025-09-30T19:37:37","modified_gmt":"2025-09-30T19:37:37","slug":"politica-de-seguranca-da-informacao","status":"publish","type":"page","link":"https:\/\/nervo.pt\/web\/politica-de-seguranca-da-informacao\/","title":{"rendered":"Pol\u00edtica de Seguran\u00e7a da Informa\u00e7\u00e3o"},"content":{"rendered":"\t\t<div data-elementor-type=\"wp-page\" data-elementor-id=\"3089\" class=\"elementor elementor-3089\" data-elementor-post-type=\"page\">\n\t\t\t\t\t\t<section class=\"elementor-section elementor-top-section elementor-element elementor-element-f885383 elementor-section-boxed elementor-section-height-default elementor-section-height-default elementor-invisible\" data-id=\"f885383\" data-element_type=\"section\" data-e-type=\"section\" data-settings=\"{&quot;animation&quot;:&quot;fadeIn&quot;}\">\n\t\t\t\t\t\t<div class=\"elementor-container elementor-column-gap-default\">\n\t\t\t\t\t<div class=\"elementor-column elementor-col-100 elementor-top-column elementor-element elementor-element-aa3f6d7\" data-id=\"aa3f6d7\" data-element_type=\"column\" data-e-type=\"column\">\n\t\t\t<div class=\"elementor-widget-wrap elementor-element-populated\">\n\t\t\t\t\t\t<div class=\"elementor-element elementor-element-d009009 animated-slow elementor-invisible elementor-widget elementor-widget-heading\" data-id=\"d009009\" data-element_type=\"widget\" data-e-type=\"widget\" data-settings=\"{&quot;_animation&quot;:&quot;fadeInDown&quot;}\" data-widget_type=\"heading.default\">\n\t\t\t\t<div class=\"elementor-widget-container\">\n\t\t\t\t\t<h2 class=\"elementor-heading-title elementor-size-default\">Pol\u00edtica Geral de Seguran\u00e7a da Informa\u00e7\u00e3o<\/h2>\t\t\t\t<\/div>\n\t\t\t\t<\/div>\n\t\t\t\t<div class=\"elementor-element elementor-element-0065338 animated-slow elementor-invisible elementor-widget elementor-widget-text-editor\" data-id=\"0065338\" data-element_type=\"widget\" data-e-type=\"widget\" data-settings=\"{&quot;_animation&quot;:&quot;fadeIn&quot;}\" data-widget_type=\"text-editor.default\">\n\t\t\t\t<div class=\"elementor-widget-container\">\n\t\t\t\t\t\t\t\t\t<p>Atualiza\u00e7\u00e3o conte\u00fados : 03.04.2025<\/p>\t\t\t\t\t\t\t\t<\/div>\n\t\t\t\t<\/div>\n\t\t\t\t<div class=\"elementor-element elementor-element-b91d96a elementor-widget elementor-widget-text-editor\" data-id=\"b91d96a\" data-element_type=\"widget\" data-e-type=\"widget\" data-widget_type=\"text-editor.default\">\n\t\t\t\t<div class=\"elementor-widget-container\">\n\t\t\t\t\t\t\t\t\t<p>O Conselho de Administra\u00e7\u00e3o do WYgroup considera priorit\u00e1ria a implementa\u00e7\u00e3o do Sistema de Gest\u00e3o de Seguran\u00e7a da Informa\u00e7\u00e3o (SGSI), imposto como uma necessidade para competir no mercado e melhorar continuamente os processos da organiza\u00e7\u00e3o. Al\u00e9m disso, a legisla\u00e7\u00e3o atual \u00e9 clara no que diz respeito ao tema da Seguran\u00e7a da Informa\u00e7\u00e3o, desde o enquadramento legal da prote\u00e7\u00e3o de dados at\u00e9 aos requisitos espec\u00edficos dos prestadores de servi\u00e7os. Como compromisso, o WYgroup define esta pol\u00edtica com medidas adequadas que garantem a manuten\u00e7\u00e3o do SGSI com base na norma internacional ISO\/IEC 27001:2022:<span class=\"Apple-converted-space\">\u00a0<\/span><\/p><p>\u00a0<\/p><p style=\"padding-left: 40px;\">\u2022 Garantir um n\u00edvel adequado de Seguran\u00e7a da Informa\u00e7\u00e3o gerido pelo WYgroup, proporcionando aos parceiros e colaboradores transpar\u00eancia, confian\u00e7a, integridade e servi\u00e7os para satisfazer as suas necessidades de forma eficiente;<span class=\"Apple-converted-space\">\u00a0<\/span><\/p><p style=\"padding-left: 40px;\">\u2022 Forma\u00e7\u00e3o e sensibiliza\u00e7\u00e3o de todos os colaboradores, mas tamb\u00e9m de parceiros e clientes;<span class=\"Apple-converted-space\">\u00a0<\/span><\/p><p style=\"padding-left: 40px;\">\u2022 Aumentar a efic\u00e1cia e efici\u00eancia dos processos internos;<span class=\"Apple-converted-space\">\u00a0<\/span><\/p><p style=\"padding-left: 40px;\">\u2022 Identificar os riscos que amea\u00e7am os ativos de processamento de informa\u00e7\u00e3o, que ser\u00e3o permanentemente avaliados, controlados e, se poss\u00edvel, reduzidos.<span class=\"Apple-converted-space\">\u00a0<\/span><\/p><p>\u00a0<\/p><p>Os procedimentos foram definidos e est\u00e3o presentes em todos os n\u00edveis da organiza\u00e7\u00e3o para atingir os seguintes objetivos:<span class=\"Apple-converted-space\">\u00a0<\/span><\/p><p>\u00a0<\/p><p style=\"padding-left: 40px;\">\u2022 Manter a certifica\u00e7\u00e3o ISO 27001:2022 ao longo do tempo;<span class=\"Apple-converted-space\">\u00a0<\/span><span class=\"Apple-converted-space\">\u00a0<\/span><\/p><p style=\"padding-left: 40px;\">\u2022 Manter um n\u00famero baixo de incidentes de Seguran\u00e7a da Informa\u00e7\u00e3o;<span class=\"Apple-converted-space\">\u00a0<\/span><\/p><p style=\"padding-left: 40px;\">\u2022 Garantir o cumprimento dos SLAs relativos aos incidentes de Seguran\u00e7a da Informa\u00e7\u00e3o;<span class=\"Apple-converted-space\">\u00a0<\/span><\/p><p style=\"padding-left: 40px;\">\u2022 Garantir que todos os colaboradores recebem forma\u00e7\u00e3o em Seguran\u00e7a da Informa\u00e7\u00e3o.<span class=\"Apple-converted-space\">\u00a0<\/span><\/p><p>\u00a0<\/p><p>Isto permite a melhoria cont\u00ednua dos processos de neg\u00f3cio e o aperfei\u00e7oamento de todas as equipas em Seguran\u00e7a da Informa\u00e7\u00e3o (ISO 27001), garantindo que o SGSI est\u00e1 sempre alinhado com os objetivos do WYgroup.<span class=\"Apple-converted-space\">\u00a0<\/span><\/p><p>\u00a0<\/p><p>O Conselho de Administra\u00e7\u00e3o do WYgroup entende que um elevado n\u00edvel de qualidade de seguran\u00e7a deve, portanto, ser garantido de forma permanente e equilibrada, para evitar a materializa\u00e7\u00e3o de riscos inerentes, para mitigar ou limitar potenciais danos, e para garantir que o neg\u00f3cio opera de acordo com o planeado ao longo do tempo.<span class=\"Apple-converted-space\">\u00a0<\/span><\/p>\t\t\t\t\t\t\t\t<\/div>\n\t\t\t\t<\/div>\n\t\t\t\t\t<\/div>\n\t\t<\/div>\n\t\t\t\t\t<\/div>\n\t\t<\/section>\n\t\t\t\t<\/div>\n\t\t","protected":false},"excerpt":{"rendered":"<p>Pol\u00edtica Geral de Seguran\u00e7a da Informa\u00e7\u00e3o Atualiza\u00e7\u00e3o conte\u00fados : 03.04.2025 O Conselho de Administra\u00e7\u00e3o do WYgroup considera priorit\u00e1ria a implementa\u00e7\u00e3o do Sistema de Gest\u00e3o de Seguran\u00e7a da Informa\u00e7\u00e3o (SGSI), imposto como uma necessidade para competir no mercado e melhorar continuamente os processos da organiza\u00e7\u00e3o. Al\u00e9m disso, a legisla\u00e7\u00e3o atual \u00e9 clara no que diz respeito&hellip; <a class=\"more-link\" href=\"https:\/\/nervo.pt\/web\/politica-de-seguranca-da-informacao\/\">Continue a ler <span class=\"screen-reader-text\">Pol\u00edtica de Seguran\u00e7a da Informa\u00e7\u00e3o<\/span><\/a><\/p>\n","protected":false},"author":1,"featured_media":0,"parent":0,"menu_order":0,"comment_status":"closed","ping_status":"closed","template":"elementor_header_footer","meta":{"inline_featured_image":false,"footnotes":""},"class_list":["post-3089","page","type-page","status-publish","hentry","entry"],"yoast_head":"<!-- This site is optimized with the Yoast SEO plugin v27.4 - https:\/\/yoast.com\/product\/yoast-seo-wordpress\/ -->\n<title>Pol\u00edtica de Seguran\u00e7a da Informa\u00e7\u00e3o | NERVO<\/title>\n<meta name=\"description\" content=\"Na NERVO respeitamos a tua privacidade e a seguran\u00e7a da sua informa\u00e7\u00e3o. Se queres saber mais sobre a nossa pol\u00edtica consulta a nossa p\u00e1gina.\" \/>\n<meta name=\"robots\" content=\"index, follow, max-snippet:-1, max-image-preview:large, max-video-preview:-1\" \/>\n<link rel=\"canonical\" href=\"https:\/\/nervo.pt\/web\/politica-de-seguranca-da-informacao\/\" \/>\n<meta property=\"og:locale\" content=\"pt_PT\" \/>\n<meta property=\"og:type\" content=\"article\" \/>\n<meta property=\"og:title\" content=\"Pol\u00edtica de Seguran\u00e7a da Informa\u00e7\u00e3o | NERVO\" \/>\n<meta property=\"og:description\" content=\"Na NERVO respeitamos a tua privacidade e a seguran\u00e7a da sua informa\u00e7\u00e3o. Se queres saber mais sobre a nossa pol\u00edtica consulta a nossa p\u00e1gina.\" \/>\n<meta property=\"og:url\" content=\"https:\/\/nervo.pt\/web\/politica-de-seguranca-da-informacao\/\" \/>\n<meta property=\"og:site_name\" content=\"NERVO\" \/>\n<meta property=\"article:publisher\" content=\"https:\/\/www.facebook.com\/NERVOAGENCY\" \/>\n<meta property=\"article:modified_time\" content=\"2025-09-30T19:37:37+00:00\" \/>\n<meta name=\"twitter:card\" content=\"summary_large_image\" \/>\n<meta name=\"twitter:label1\" content=\"Tempo estimado de leitura\" \/>\n\t<meta name=\"twitter:data1\" content=\"2 minutos\" \/>\n<script type=\"application\/ld+json\" class=\"yoast-schema-graph\">{\"@context\":\"https:\\\/\\\/schema.org\",\"@graph\":[{\"@type\":\"WebPage\",\"@id\":\"https:\\\/\\\/nervo.pt\\\/web\\\/politica-de-seguranca-da-informacao\\\/\",\"url\":\"https:\\\/\\\/nervo.pt\\\/web\\\/politica-de-seguranca-da-informacao\\\/\",\"name\":\"Pol\u00edtica de Seguran\u00e7a da Informa\u00e7\u00e3o | NERVO\",\"isPartOf\":{\"@id\":\"https:\\\/\\\/nervo.pt\\\/web\\\/#website\"},\"datePublished\":\"2024-01-18T12:58:45+00:00\",\"dateModified\":\"2025-09-30T19:37:37+00:00\",\"description\":\"Na NERVO respeitamos a tua privacidade e a seguran\u00e7a da sua informa\u00e7\u00e3o. Se queres saber mais sobre a nossa pol\u00edtica consulta a nossa p\u00e1gina.\",\"breadcrumb\":{\"@id\":\"https:\\\/\\\/nervo.pt\\\/web\\\/politica-de-seguranca-da-informacao\\\/#breadcrumb\"},\"inLanguage\":\"pt-PT\",\"potentialAction\":[{\"@type\":\"ReadAction\",\"target\":[\"https:\\\/\\\/nervo.pt\\\/web\\\/politica-de-seguranca-da-informacao\\\/\"]}]},{\"@type\":\"BreadcrumbList\",\"@id\":\"https:\\\/\\\/nervo.pt\\\/web\\\/politica-de-seguranca-da-informacao\\\/#breadcrumb\",\"itemListElement\":[{\"@type\":\"ListItem\",\"position\":1,\"name\":\"Home\",\"item\":\"https:\\\/\\\/nervo.pt\\\/web\\\/\"},{\"@type\":\"ListItem\",\"position\":2,\"name\":\"Pol\u00edtica de Seguran\u00e7a da Informa\u00e7\u00e3o\"}]},{\"@type\":\"WebSite\",\"@id\":\"https:\\\/\\\/nervo.pt\\\/web\\\/#website\",\"url\":\"https:\\\/\\\/nervo.pt\\\/web\\\/\",\"name\":\"NERVO\",\"description\":\"BRAND ENTERTAINMENT\",\"publisher\":{\"@id\":\"https:\\\/\\\/nervo.pt\\\/web\\\/#organization\"},\"potentialAction\":[{\"@type\":\"SearchAction\",\"target\":{\"@type\":\"EntryPoint\",\"urlTemplate\":\"https:\\\/\\\/nervo.pt\\\/web\\\/?s={search_term_string}\"},\"query-input\":{\"@type\":\"PropertyValueSpecification\",\"valueRequired\":true,\"valueName\":\"search_term_string\"}}],\"inLanguage\":\"pt-PT\"},{\"@type\":\"Organization\",\"@id\":\"https:\\\/\\\/nervo.pt\\\/web\\\/#organization\",\"name\":\"NERVO\",\"url\":\"https:\\\/\\\/nervo.pt\\\/web\\\/\",\"logo\":{\"@type\":\"ImageObject\",\"inLanguage\":\"pt-PT\",\"@id\":\"https:\\\/\\\/nervo.pt\\\/web\\\/#\\\/schema\\\/logo\\\/image\\\/\",\"url\":\"https:\\\/\\\/nervo.pt\\\/web\\\/wp-content\\\/uploads\\\/2023\\\/09\\\/logo-email-nervo.png\",\"contentUrl\":\"https:\\\/\\\/nervo.pt\\\/web\\\/wp-content\\\/uploads\\\/2023\\\/09\\\/logo-email-nervo.png\",\"width\":127,\"height\":127,\"caption\":\"NERVO\"},\"image\":{\"@id\":\"https:\\\/\\\/nervo.pt\\\/web\\\/#\\\/schema\\\/logo\\\/image\\\/\"},\"sameAs\":[\"https:\\\/\\\/www.facebook.com\\\/NERVOAGENCY\",\"https:\\\/\\\/www.instagram.com\\\/nervoagency\\\/\"]}]}<\/script>\n<!-- \/ Yoast SEO plugin. -->","yoast_head_json":{"title":"Pol\u00edtica de Seguran\u00e7a da Informa\u00e7\u00e3o | NERVO","description":"Na NERVO respeitamos a tua privacidade e a seguran\u00e7a da sua informa\u00e7\u00e3o. Se queres saber mais sobre a nossa pol\u00edtica consulta a nossa p\u00e1gina.","robots":{"index":"index","follow":"follow","max-snippet":"max-snippet:-1","max-image-preview":"max-image-preview:large","max-video-preview":"max-video-preview:-1"},"canonical":"https:\/\/nervo.pt\/web\/politica-de-seguranca-da-informacao\/","og_locale":"pt_PT","og_type":"article","og_title":"Pol\u00edtica de Seguran\u00e7a da Informa\u00e7\u00e3o | NERVO","og_description":"Na NERVO respeitamos a tua privacidade e a seguran\u00e7a da sua informa\u00e7\u00e3o. Se queres saber mais sobre a nossa pol\u00edtica consulta a nossa p\u00e1gina.","og_url":"https:\/\/nervo.pt\/web\/politica-de-seguranca-da-informacao\/","og_site_name":"NERVO","article_publisher":"https:\/\/www.facebook.com\/NERVOAGENCY","article_modified_time":"2025-09-30T19:37:37+00:00","twitter_card":"summary_large_image","twitter_misc":{"Tempo estimado de leitura":"2 minutos"},"schema":{"@context":"https:\/\/schema.org","@graph":[{"@type":"WebPage","@id":"https:\/\/nervo.pt\/web\/politica-de-seguranca-da-informacao\/","url":"https:\/\/nervo.pt\/web\/politica-de-seguranca-da-informacao\/","name":"Pol\u00edtica de Seguran\u00e7a da Informa\u00e7\u00e3o | NERVO","isPartOf":{"@id":"https:\/\/nervo.pt\/web\/#website"},"datePublished":"2024-01-18T12:58:45+00:00","dateModified":"2025-09-30T19:37:37+00:00","description":"Na NERVO respeitamos a tua privacidade e a seguran\u00e7a da sua informa\u00e7\u00e3o. Se queres saber mais sobre a nossa pol\u00edtica consulta a nossa p\u00e1gina.","breadcrumb":{"@id":"https:\/\/nervo.pt\/web\/politica-de-seguranca-da-informacao\/#breadcrumb"},"inLanguage":"pt-PT","potentialAction":[{"@type":"ReadAction","target":["https:\/\/nervo.pt\/web\/politica-de-seguranca-da-informacao\/"]}]},{"@type":"BreadcrumbList","@id":"https:\/\/nervo.pt\/web\/politica-de-seguranca-da-informacao\/#breadcrumb","itemListElement":[{"@type":"ListItem","position":1,"name":"Home","item":"https:\/\/nervo.pt\/web\/"},{"@type":"ListItem","position":2,"name":"Pol\u00edtica de Seguran\u00e7a da Informa\u00e7\u00e3o"}]},{"@type":"WebSite","@id":"https:\/\/nervo.pt\/web\/#website","url":"https:\/\/nervo.pt\/web\/","name":"NERVO","description":"BRAND ENTERTAINMENT","publisher":{"@id":"https:\/\/nervo.pt\/web\/#organization"},"potentialAction":[{"@type":"SearchAction","target":{"@type":"EntryPoint","urlTemplate":"https:\/\/nervo.pt\/web\/?s={search_term_string}"},"query-input":{"@type":"PropertyValueSpecification","valueRequired":true,"valueName":"search_term_string"}}],"inLanguage":"pt-PT"},{"@type":"Organization","@id":"https:\/\/nervo.pt\/web\/#organization","name":"NERVO","url":"https:\/\/nervo.pt\/web\/","logo":{"@type":"ImageObject","inLanguage":"pt-PT","@id":"https:\/\/nervo.pt\/web\/#\/schema\/logo\/image\/","url":"https:\/\/nervo.pt\/web\/wp-content\/uploads\/2023\/09\/logo-email-nervo.png","contentUrl":"https:\/\/nervo.pt\/web\/wp-content\/uploads\/2023\/09\/logo-email-nervo.png","width":127,"height":127,"caption":"NERVO"},"image":{"@id":"https:\/\/nervo.pt\/web\/#\/schema\/logo\/image\/"},"sameAs":["https:\/\/www.facebook.com\/NERVOAGENCY","https:\/\/www.instagram.com\/nervoagency\/"]}]}},"_links":{"self":[{"href":"https:\/\/nervo.pt\/web\/wp-json\/wp\/v2\/pages\/3089","targetHints":{"allow":["GET"]}}],"collection":[{"href":"https:\/\/nervo.pt\/web\/wp-json\/wp\/v2\/pages"}],"about":[{"href":"https:\/\/nervo.pt\/web\/wp-json\/wp\/v2\/types\/page"}],"author":[{"embeddable":true,"href":"https:\/\/nervo.pt\/web\/wp-json\/wp\/v2\/users\/1"}],"replies":[{"embeddable":true,"href":"https:\/\/nervo.pt\/web\/wp-json\/wp\/v2\/comments?post=3089"}],"version-history":[{"count":37,"href":"https:\/\/nervo.pt\/web\/wp-json\/wp\/v2\/pages\/3089\/revisions"}],"predecessor-version":[{"id":3910,"href":"https:\/\/nervo.pt\/web\/wp-json\/wp\/v2\/pages\/3089\/revisions\/3910"}],"wp:attachment":[{"href":"https:\/\/nervo.pt\/web\/wp-json\/wp\/v2\/media?parent=3089"}],"curies":[{"name":"wp","href":"https:\/\/api.w.org\/{rel}","templated":true}]}}