{"id":867,"date":"2023-08-18T12:52:53","date_gmt":"2023-08-18T12:52:53","guid":{"rendered":"https:\/\/nervo.pt\/web\/?page_id=867"},"modified":"2024-01-20T12:12:50","modified_gmt":"2024-01-20T12:12:50","slug":"nota-de-cookies","status":"publish","type":"page","link":"https:\/\/nervo.pt\/web\/nota-de-cookies\/","title":{"rendered":"Nota de Cookies"},"content":{"rendered":"\t\t<div data-elementor-type=\"wp-page\" data-elementor-id=\"867\" class=\"elementor elementor-867\" data-elementor-post-type=\"page\">\n\t\t\t\t\t\t<section class=\"elementor-section elementor-top-section elementor-element elementor-element-f885383 elementor-section-boxed elementor-section-height-default elementor-section-height-default\" data-id=\"f885383\" data-element_type=\"section\">\n\t\t\t\t\t\t<div class=\"elementor-container elementor-column-gap-default\">\n\t\t\t\t\t<div class=\"elementor-column elementor-col-100 elementor-top-column elementor-element elementor-element-aa3f6d7\" data-id=\"aa3f6d7\" data-element_type=\"column\">\n\t\t\t<div class=\"elementor-widget-wrap elementor-element-populated\">\n\t\t\t\t\t\t<div class=\"elementor-element elementor-element-d009009 animated-slow elementor-invisible elementor-widget elementor-widget-heading\" data-id=\"d009009\" data-element_type=\"widget\" data-settings=\"{&quot;_animation&quot;:&quot;fadeInDown&quot;}\" data-widget_type=\"heading.default\">\n\t\t\t\t<div class=\"elementor-widget-container\">\n\t\t\t<style>\/*! elementor - v3.23.0 - 05-08-2024 *\/\n.elementor-heading-title{padding:0;margin:0;line-height:1}.elementor-widget-heading .elementor-heading-title[class*=elementor-size-]>a{color:inherit;font-size:inherit;line-height:inherit}.elementor-widget-heading .elementor-heading-title.elementor-size-small{font-size:15px}.elementor-widget-heading .elementor-heading-title.elementor-size-medium{font-size:19px}.elementor-widget-heading .elementor-heading-title.elementor-size-large{font-size:29px}.elementor-widget-heading .elementor-heading-title.elementor-size-xl{font-size:39px}.elementor-widget-heading .elementor-heading-title.elementor-size-xxl{font-size:59px}<\/style><h2 class=\"elementor-heading-title elementor-size-default\">Nota de Cookies<\/h2>\t\t<\/div>\n\t\t\t\t<\/div>\n\t\t\t\t<div class=\"elementor-element elementor-element-225f122 animated-slow elementor-invisible elementor-widget elementor-widget-text-editor\" data-id=\"225f122\" data-element_type=\"widget\" data-settings=\"{&quot;_animation&quot;:&quot;fadeIn&quot;}\" data-widget_type=\"text-editor.default\">\n\t\t\t\t<div class=\"elementor-widget-container\">\n\t\t\t<style>\/*! elementor - v3.23.0 - 05-08-2024 *\/\n.elementor-widget-text-editor.elementor-drop-cap-view-stacked .elementor-drop-cap{background-color:#69727d;color:#fff}.elementor-widget-text-editor.elementor-drop-cap-view-framed .elementor-drop-cap{color:#69727d;border:3px solid;background-color:transparent}.elementor-widget-text-editor:not(.elementor-drop-cap-view-default) .elementor-drop-cap{margin-top:8px}.elementor-widget-text-editor:not(.elementor-drop-cap-view-default) .elementor-drop-cap-letter{width:1em;height:1em}.elementor-widget-text-editor .elementor-drop-cap{float:left;text-align:center;line-height:1;font-size:50px}.elementor-widget-text-editor .elementor-drop-cap-letter{display:inline-block}<\/style>\t\t\t\t<p>\u00faltima atualiza\u00e7\u00e3o: 16.01.2024<\/p>\t\t\t\t\t\t<\/div>\n\t\t\t\t<\/div>\n\t\t\t\t<div class=\"elementor-element elementor-element-b91d96a elementor-widget elementor-widget-text-editor\" data-id=\"b91d96a\" data-element_type=\"widget\" data-widget_type=\"text-editor.default\">\n\t\t\t\t<div class=\"elementor-widget-container\">\n\t\t\t\t\t\t\t<p>Esta Nota de Cookies fornece informa\u00e7\u00f5es sobre o uso de cookies e tecnologias similares utilizadas em www.nervo.pt, um website gerido pela ag\u00eancia NERVO e propriedade da WYCREATIVE, MARKETING AND TECHNOLOGY SERVICES, S.A. (doravante designada por \u201cNERVO\u201d ou \u201cn\u00f3s\u201d).<\/p><p>A NERVO \u00e9 uma ag\u00eancia com sede em Portugal, na Av. Marginal, Edif\u00edcio Parque Oceano, 4\u00ba, 2780-322 Oeiras.<\/p><p>Utilizamos cookies no \u00e2mbito da nossa <strong><a href=\"https:\/\/nervo.pt\/web\/politica-de-privacidade\/\">Nota de Privacidade<\/a><\/strong>, na qual disponibilizamos mais informa\u00e7\u00f5es sobre os dados pessoais que recolhemos, as finalidades dessa recolha, como os dados s\u00e3o utilizados, quais os direitos dos titulares que nos fornecem os seus dados pessoais e formas de exerc\u00edcio desses direitos.<\/p><p>A NERVO reserva-se o direito de alterar esta Nota de Cookies a qualquer momento, pelo que recomendamos a sua consulta regular.<\/p><p>\u00a0<\/p><h4>O que s\u00e3o Cookies?<\/h4><p>Os cookies s\u00e3o pequenos ficheiros de texto que os websites pedem aos navegadores de acesso \u00e0 Internet (\u201cbrowsers\u201d) para armazenarem nos dispositivos (e.g. computadores pessoais, tablets ou smartphones). Estes ficheiros cont\u00eam informa\u00e7\u00f5es que s\u00e3o transferidas para os dispositivos e enviadas de volta aos websites a cada visita seguinte do utilizador, permitindo que o website se \u201clembre\u201d de a\u00e7\u00f5es e prefer\u00eancias ao longo do tempo, at\u00e9 que esses cookies atinjam a sua data de validade.<\/p><p>\u00a0<\/p><h4><b>Como os usamos?<\/b><\/h4><p>Os cookies utilizados em www.nervo.pt permitem guardar as prefer\u00eancias dos seus utilizadores, nomeadamente as relativas ao consentimento, e visam tamb\u00e9m a obten\u00e7\u00e3o de estat\u00edsticas sobre n\u00famero de acessos e forma como s\u00e3o utilizadas as sec\u00e7\u00f5es do website, permitindo-nos assim promover melhorias.<\/p><p>\u00a0<\/p><h4><b>Tipos de cookies<\/b><\/h4><p>Os websites utilizam cookies para diferentes finalidades:<\/p><ol><li><b>Cookies necess\u00e1rios<\/b><\/li><\/ol><p>Os cookies necess\u00e1rios ajudam a tornar um website operacional, permitindo fun\u00e7\u00f5es b\u00e1sicas, como a navega\u00e7\u00e3o e o acesso a \u00e1reas seguras do website. O website pode n\u00e3o funcionar corretamente sem estes cookies.<\/p><p>\u00a0<\/p><ol start=\"2\"><li><b>Cookies de prefer\u00eancias<\/b><\/li><\/ol><p>Os cookies de prefer\u00eancias permitem que um website memorize as informa\u00e7\u00f5es que mudam o comportamento do website ou o seu aspeto, como o idioma preferido do utilizador ou a regi\u00e3o em que se encontra.<\/p><p>\u00a0<\/p><ol start=\"3\"><li><b>Cookies estat\u00edsticos<\/b><\/li><\/ol><p>Os cookies estat\u00edsticos ajudam os propriet\u00e1rios dos websites a entenderem como os seus visitantes interagem com os websites, recolhendo e registando informa\u00e7\u00f5es de forma an\u00f3nima.<\/p><p>\u00a0<\/p><ol start=\"4\"><li><b>Cookies de marketing <\/b><\/li><\/ol><p>Os cookies de marketing s\u00e3o usados com a finalidade de rastrear utilizadores na sua navega\u00e7\u00e3o pela Internet. A inten\u00e7\u00e3o \u00e9 exibir an\u00fancios que sejam relevantes e apelativos para o utilizador individual e, por consequ\u00eancia, mais valiosos para os editores de conte\u00fados e anunciantes.<\/p><p>\u00a0<\/p><ol start=\"5\"><li><b>Cookies de terceiros <\/b><\/li><\/ol><p>Os cookies dividem-se ainda entre pr\u00f3prios (\u201cfirst party cookies\u201d) e de terceiros (\u201cthird party cookies\u201d): os cookies pr\u00f3prios s\u00f3 podem ser lidos pelos propriet\u00e1rios dos websites, ao passo que os cookies de terceiros podem ser lidos por websites e plataformas n\u00e3o controlados pelos propriet\u00e1rios dos websites (e.g. Google, Facebook\/Instagram, LinkedIn, TikTok ou Vimeo). Os cookies de terceiros est\u00e3o sujeitos \u00e0s pr\u00e1ticas de privacidade dessas entidades, pelo que a NERVO recomenda a leitura da documenta\u00e7\u00e3o disponibilizada nos websites e plataformas dessas entidades.<\/p><p>\u00a0<\/p><h4><b>Controlar ou excluir cookies?<\/b><\/h4><p>A gest\u00e3o de consentimentos para a utiliza\u00e7\u00e3o de cookies no nosso website \u00e9 garantida, a qualquer momento, atrav\u00e9s do bot\u00e3o indicado no canto inferior esquerdo da p\u00e1gina.<\/p><p>\u00a0<\/p><p>Como alternativa, os cookies tamb\u00e9m poder\u00e3o ser geridos atrav\u00e9s do browser: permitir, bloquear ou excluir de forma geral ou cookie por cookie.<span class=\"Apple-converted-space\">\u00a0<\/span><\/p><p>O menu \u201cajuda\u201d no manual do utilizador inclu\u00eddo nos browsers fornece todas as informa\u00e7\u00f5es necess\u00e1rias:<\/p><p>\u00a0<\/p><ul><li><a href=\"https:\/\/support.google.com\/chrome\/answer\/95647?hl=en\">Google Chrome<\/a><\/li><li><a href=\"https:\/\/support.microsoft.com\/en-gb\/windows\/microsoft-edge-browsing-data-and-privacy-bb8174ba-9d73-dcf2-9b4a-c582b4e640dd\">Microsoft Edge<\/a><\/li><li><a href=\"https:\/\/support.microsoft.com\/en-us\/windows\/delete-and-manage-cookies-168dab11-0753-043d-7c16-ede5947fc64d\">Internet Explorer<\/a><\/li><li><a href=\"https:\/\/support.mozilla.org\/en-US\/products\/firefox\/protect-your-privacy\/cookies\">Mozilla Firefox<\/a><\/li><li><a href=\"https:\/\/support.apple.com\/en-gb\/guide\/safari\/sfri11471\/mac\">Safari (Mac)<\/a><\/li><li><a href=\"https:\/\/support.apple.com\/en-gb\/HT201265\">Safari (iPhone)<\/a><\/li><li><a href=\"https:\/\/www.samsung.com\/uk\/support\/mobile-devices\/what-are-cookies-and-how-do-i-enable-or-disable-them-on-my-samsung-galaxy-device\/\">Samsung Internet (Mobile)<\/a><\/li><li><a href=\"https:\/\/help.opera.com\/en\/latest\/web-preferences\/#cookies\">Opera<\/a><\/li><\/ul><p>\u00a0<\/p><h4><b>Contactos<\/b><\/h4><p>Para mais informa\u00e7\u00f5es ou esclarecimento de d\u00favidas:<\/p><p><strong><a href=\"mailto:dpo@wygroup.net\">dpo@wygroup.net<\/a><\/strong>.<\/p>\t\t\t\t\t\t<\/div>\n\t\t\t\t<\/div>\n\t\t\t\t\t<\/div>\n\t\t<\/div>\n\t\t\t\t\t<\/div>\n\t\t<\/section>\n\t\t\t\t<\/div>\n\t\t","protected":false},"excerpt":{"rendered":"<p>Nota de Cookies \u00faltima atualiza\u00e7\u00e3o: 16.01.2024 Esta Nota de Cookies fornece informa\u00e7\u00f5es sobre o uso de cookies e tecnologias similares utilizadas em www.nervo.pt, um website gerido pela ag\u00eancia NERVO e propriedade da WYCREATIVE, MARKETING AND TECHNOLOGY SERVICES, S.A. (doravante designada por \u201cNERVO\u201d ou \u201cn\u00f3s\u201d). A NERVO \u00e9 uma ag\u00eancia com sede em Portugal, na Av.&hellip; <a class=\"more-link\" href=\"https:\/\/nervo.pt\/web\/nota-de-cookies\/\">Continue a ler <span class=\"screen-reader-text\">Nota de Cookies<\/span><\/a><\/p>\n","protected":false},"author":1,"featured_media":0,"parent":0,"menu_order":0,"comment_status":"closed","ping_status":"closed","template":"elementor_header_footer","meta":{"inline_featured_image":false,"footnotes":""},"class_list":["post-867","page","type-page","status-publish","hentry","entry"],"yoast_head":"<!-- This site is optimized with the Yoast SEO plugin v23.2 - https:\/\/yoast.com\/wordpress\/plugins\/seo\/ -->\n<title>Pol\u00edtica de Cookies | NERVO<\/title>\n<meta name=\"description\" content=\"Na NERVO respeitamos a tua privacidade. Se queres saber mais sobre a pol\u00edtica de cookies que utilizamos no nosso site, consulta a nossa p\u00e1gina.\" \/>\n<meta name=\"robots\" content=\"index, follow, max-snippet:-1, max-image-preview:large, max-video-preview:-1\" \/>\n<link rel=\"canonical\" href=\"https:\/\/nervo.pt\/web\/nota-de-cookies\/\" \/>\n<meta property=\"og:locale\" content=\"pt_PT\" \/>\n<meta property=\"og:type\" content=\"article\" \/>\n<meta property=\"og:title\" content=\"Pol\u00edtica de Cookies | NERVO\" \/>\n<meta property=\"og:description\" content=\"Na NERVO respeitamos a tua privacidade. Se queres saber mais sobre a pol\u00edtica de cookies que utilizamos no nosso site, consulta a nossa p\u00e1gina.\" \/>\n<meta property=\"og:url\" content=\"https:\/\/nervo.pt\/web\/nota-de-cookies\/\" \/>\n<meta property=\"og:site_name\" content=\"NERVO\" \/>\n<meta property=\"article:publisher\" content=\"https:\/\/www.facebook.com\/NERVOAGENCY\" \/>\n<meta property=\"article:modified_time\" content=\"2024-01-20T12:12:50+00:00\" \/>\n<meta name=\"twitter:card\" content=\"summary_large_image\" \/>\n<meta name=\"twitter:label1\" content=\"Tempo estimado de leitura\" \/>\n\t<meta name=\"twitter:data1\" content=\"4 minutos\" \/>\n<script type=\"application\/ld+json\" class=\"yoast-schema-graph\">{\"@context\":\"https:\/\/schema.org\",\"@graph\":[{\"@type\":\"WebPage\",\"@id\":\"https:\/\/nervo.pt\/web\/nota-de-cookies\/\",\"url\":\"https:\/\/nervo.pt\/web\/nota-de-cookies\/\",\"name\":\"Pol\u00edtica de Cookies | NERVO\",\"isPartOf\":{\"@id\":\"https:\/\/nervo.pt\/web\/#website\"},\"datePublished\":\"2023-08-18T12:52:53+00:00\",\"dateModified\":\"2024-01-20T12:12:50+00:00\",\"description\":\"Na NERVO respeitamos a tua privacidade. Se queres saber mais sobre a pol\u00edtica de cookies que utilizamos no nosso site, consulta a nossa p\u00e1gina.\",\"breadcrumb\":{\"@id\":\"https:\/\/nervo.pt\/web\/nota-de-cookies\/#breadcrumb\"},\"inLanguage\":\"pt-PT\",\"potentialAction\":[{\"@type\":\"ReadAction\",\"target\":[\"https:\/\/nervo.pt\/web\/nota-de-cookies\/\"]}]},{\"@type\":\"BreadcrumbList\",\"@id\":\"https:\/\/nervo.pt\/web\/nota-de-cookies\/#breadcrumb\",\"itemListElement\":[{\"@type\":\"ListItem\",\"position\":1,\"name\":\"Home\",\"item\":\"https:\/\/nervo.pt\/web\/\"},{\"@type\":\"ListItem\",\"position\":2,\"name\":\"Nota de Cookies\"}]},{\"@type\":\"WebSite\",\"@id\":\"https:\/\/nervo.pt\/web\/#website\",\"url\":\"https:\/\/nervo.pt\/web\/\",\"name\":\"NERVO\",\"description\":\"BRAND ENTERTAINMENT\",\"publisher\":{\"@id\":\"https:\/\/nervo.pt\/web\/#organization\"},\"potentialAction\":[{\"@type\":\"SearchAction\",\"target\":{\"@type\":\"EntryPoint\",\"urlTemplate\":\"https:\/\/nervo.pt\/web\/?s={search_term_string}\"},\"query-input\":\"required name=search_term_string\"}],\"inLanguage\":\"pt-PT\"},{\"@type\":\"Organization\",\"@id\":\"https:\/\/nervo.pt\/web\/#organization\",\"name\":\"NERVO\",\"url\":\"https:\/\/nervo.pt\/web\/\",\"logo\":{\"@type\":\"ImageObject\",\"inLanguage\":\"pt-PT\",\"@id\":\"https:\/\/nervo.pt\/web\/#\/schema\/logo\/image\/\",\"url\":\"https:\/\/nervo.pt\/web\/wp-content\/uploads\/2023\/09\/logo-email-nervo.png\",\"contentUrl\":\"https:\/\/nervo.pt\/web\/wp-content\/uploads\/2023\/09\/logo-email-nervo.png\",\"width\":127,\"height\":127,\"caption\":\"NERVO\"},\"image\":{\"@id\":\"https:\/\/nervo.pt\/web\/#\/schema\/logo\/image\/\"},\"sameAs\":[\"https:\/\/www.facebook.com\/NERVOAGENCY\",\"https:\/\/www.instagram.com\/nervoagency\/\"]}]}<\/script>\n<!-- \/ Yoast SEO plugin. -->","yoast_head_json":{"title":"Pol\u00edtica de Cookies | NERVO","description":"Na NERVO respeitamos a tua privacidade. Se queres saber mais sobre a pol\u00edtica de cookies que utilizamos no nosso site, consulta a nossa p\u00e1gina.","robots":{"index":"index","follow":"follow","max-snippet":"max-snippet:-1","max-image-preview":"max-image-preview:large","max-video-preview":"max-video-preview:-1"},"canonical":"https:\/\/nervo.pt\/web\/nota-de-cookies\/","og_locale":"pt_PT","og_type":"article","og_title":"Pol\u00edtica de Cookies | NERVO","og_description":"Na NERVO respeitamos a tua privacidade. Se queres saber mais sobre a pol\u00edtica de cookies que utilizamos no nosso site, consulta a nossa p\u00e1gina.","og_url":"https:\/\/nervo.pt\/web\/nota-de-cookies\/","og_site_name":"NERVO","article_publisher":"https:\/\/www.facebook.com\/NERVOAGENCY","article_modified_time":"2024-01-20T12:12:50+00:00","twitter_card":"summary_large_image","twitter_misc":{"Tempo estimado de leitura":"4 minutos"},"schema":{"@context":"https:\/\/schema.org","@graph":[{"@type":"WebPage","@id":"https:\/\/nervo.pt\/web\/nota-de-cookies\/","url":"https:\/\/nervo.pt\/web\/nota-de-cookies\/","name":"Pol\u00edtica de Cookies | NERVO","isPartOf":{"@id":"https:\/\/nervo.pt\/web\/#website"},"datePublished":"2023-08-18T12:52:53+00:00","dateModified":"2024-01-20T12:12:50+00:00","description":"Na NERVO respeitamos a tua privacidade. Se queres saber mais sobre a pol\u00edtica de cookies que utilizamos no nosso site, consulta a nossa p\u00e1gina.","breadcrumb":{"@id":"https:\/\/nervo.pt\/web\/nota-de-cookies\/#breadcrumb"},"inLanguage":"pt-PT","potentialAction":[{"@type":"ReadAction","target":["https:\/\/nervo.pt\/web\/nota-de-cookies\/"]}]},{"@type":"BreadcrumbList","@id":"https:\/\/nervo.pt\/web\/nota-de-cookies\/#breadcrumb","itemListElement":[{"@type":"ListItem","position":1,"name":"Home","item":"https:\/\/nervo.pt\/web\/"},{"@type":"ListItem","position":2,"name":"Nota de Cookies"}]},{"@type":"WebSite","@id":"https:\/\/nervo.pt\/web\/#website","url":"https:\/\/nervo.pt\/web\/","name":"NERVO","description":"BRAND ENTERTAINMENT","publisher":{"@id":"https:\/\/nervo.pt\/web\/#organization"},"potentialAction":[{"@type":"SearchAction","target":{"@type":"EntryPoint","urlTemplate":"https:\/\/nervo.pt\/web\/?s={search_term_string}"},"query-input":"required name=search_term_string"}],"inLanguage":"pt-PT"},{"@type":"Organization","@id":"https:\/\/nervo.pt\/web\/#organization","name":"NERVO","url":"https:\/\/nervo.pt\/web\/","logo":{"@type":"ImageObject","inLanguage":"pt-PT","@id":"https:\/\/nervo.pt\/web\/#\/schema\/logo\/image\/","url":"https:\/\/nervo.pt\/web\/wp-content\/uploads\/2023\/09\/logo-email-nervo.png","contentUrl":"https:\/\/nervo.pt\/web\/wp-content\/uploads\/2023\/09\/logo-email-nervo.png","width":127,"height":127,"caption":"NERVO"},"image":{"@id":"https:\/\/nervo.pt\/web\/#\/schema\/logo\/image\/"},"sameAs":["https:\/\/www.facebook.com\/NERVOAGENCY","https:\/\/www.instagram.com\/nervoagency\/"]}]}},"_links":{"self":[{"href":"https:\/\/nervo.pt\/web\/wp-json\/wp\/v2\/pages\/867","targetHints":{"allow":["GET"]}}],"collection":[{"href":"https:\/\/nervo.pt\/web\/wp-json\/wp\/v2\/pages"}],"about":[{"href":"https:\/\/nervo.pt\/web\/wp-json\/wp\/v2\/types\/page"}],"author":[{"embeddable":true,"href":"https:\/\/nervo.pt\/web\/wp-json\/wp\/v2\/users\/1"}],"replies":[{"embeddable":true,"href":"https:\/\/nervo.pt\/web\/wp-json\/wp\/v2\/comments?post=867"}],"version-history":[{"count":57,"href":"https:\/\/nervo.pt\/web\/wp-json\/wp\/v2\/pages\/867\/revisions"}],"predecessor-version":[{"id":3187,"href":"https:\/\/nervo.pt\/web\/wp-json\/wp\/v2\/pages\/867\/revisions\/3187"}],"wp:attachment":[{"href":"https:\/\/nervo.pt\/web\/wp-json\/wp\/v2\/media?parent=867"}],"curies":[{"name":"wp","href":"https:\/\/api.w.org\/{rel}","templated":true}]}}